{"id":6382,"date":"2026-01-07T13:59:17","date_gmt":"2026-01-07T12:59:17","guid":{"rendered":"https:\/\/www.living-berlin.com\/?page_id=6382"},"modified":"2026-01-30T09:34:42","modified_gmt":"2026-01-30T08:34:42","slug":"community","status":"publish","type":"page","link":"https:\/\/www.living-berlin.com\/en\/community\/","title":{"rendered":"Community"},"content":{"rendered":"<div class=\"archive-brands_main\">\n    <div class=\"container-fluid siteHeader storeHeader\">\n        <div class=\"container-fluid\">\n            <div class=\"row\">\n                                <div class=\"col-md-12 pb-3\">\n                    <div class=\"d-flex justify-content-between align-items-center\">\n                        <!-- <div class=\"fw-semibold is-style-secInd mb-3\">LIVING BERLIN<\/div> -->\n                        <div class=\"breadcrumbs__wrapper is-style-secInd mb-3\">\n                            <p id=\"breadcrumbs\" class=\"breadcrumbs\"><span><span><a href=\"https:\/\/www.living-berlin.com\/en\/\">Home<\/a><\/span><\/span><\/p>                        <\/div>\n                    <\/div>\n                    <div class=\"h-4xl text-uppercase nohyphens mb-2\">COMMUNITY<\/div>\n                    <div class=\"h-xl fw-medium\">\n                        <p>LIVING BERLIN und spannende H\u00e4user der Stadt \u2013 vereint in Stil und Design!<\/p>\n                    <\/div>\n\n                    <!-- Announcement -->\n                                    <\/div>\n                            <\/div>\n        <\/div>\n    <\/div>\n    <\/div>\n\n\n<div style=\"height:100px\" aria-hidden=\"true\" class=\"wp-block-spacer\"><\/div>\n\n\n\n<div class=\"wp-block-group mb-5 pb-3 is-vertical is-content-justification-center is-nowrap is-layout-flex wp-container-core-group-is-layout-62205103 wp-block-group-is-layout-flex\" style=\"padding-top:0rem;padding-right:0rem;padding-bottom:0rem;padding-left:0rem\"><div class=\"wp-bootstrap-blocks-container container-fluid mb-0\">\n\t\n<div class=\"wp-bootstrap-blocks-container container-fluid mb-0\">\n\t\n<div class=\"wp-bootstrap-blocks-row row py-lg-5\">\n\t\n\n<div class=\"col-12 col-lg-6\">\n\t\t\t\n\n<h2 class=\"wp-block-heading is-style-h-3xl  nohyphens\">DEUTSCHE OPER<\/h2>\n\n\n\n<p class=\"is-style-h-lg\">Ein Haus f\u00fcr gro\u00dfe Opern<\/p>\n\n\n\n<p>Die Deutsche Oper Berlin z\u00e4hlt zu den gro\u00dfen Kulturadressen der Stadt. International renommiert, architektonisch markant und fest im Berliner Westen verankert, bringt sie als gr\u00f6\u00dftes Opernhaus Berlins seit Jahrzehnten Menschen aus aller Welt zusammen. Musik, B\u00fchne und Inszenierung entfalten sich hier auf h\u00f6chstem Niveau \u2013 getragen von einer klaren Architektur, gro\u00dfz\u00fcgigen Innenr\u00e4umen und einer starken r\u00e4umlichen Pr\u00e4senz.<\/p>\n\n\n\n<p>Diese N\u00e4he im Denken verbindet die Deutsche Oper Berlin mit LIVING BERLIN. Beide stehen f\u00fcr R\u00e4ume mit Wirkung, f\u00fcr Gestaltung mit Anspruch und f\u00fcr Orte, an denen Kultur, Design und urbanes Leben zusammenfinden. In Charlottenburg entsteht so ein Dialog zwischen Interior Design und Musiktheater \u2013 zwischen Wohnen, \u00c4sthetik und kulturellem Erleben im Berliner Westen.<\/p>\n\n\t<\/div>\n\n\n\n<div class=\"col-12 col-lg-6\">\n\t\t\t\n\n<p><\/p>\n\n\n\n<figure class=\"wp-block-image aligncenter size-full is-resized\"><img loading=\"lazy\" decoding=\"async\" width=\"800\" height=\"400\" src=\"https:\/\/www.living-berlin.com\/wp-content\/uploads\/deutsche-oper-berlin-living-berlin.png\" alt=\"deutsche oper berlin living berlin\" class=\"wp-image-6495\" style=\"width:700px\" srcset=\"https:\/\/www.living-berlin.com\/wp-content\/uploads\/deutsche-oper-berlin-living-berlin.png 800w, https:\/\/www.living-berlin.com\/wp-content\/uploads\/deutsche-oper-berlin-living-berlin-300x150.png 300w, https:\/\/www.living-berlin.com\/wp-content\/uploads\/deutsche-oper-berlin-living-berlin-768x384.png 768w, https:\/\/www.living-berlin.com\/wp-content\/uploads\/deutsche-oper-berlin-living-berlin-18x9.png 18w\" sizes=\"auto, (max-width: 800px) 100vw, 800px\" \/><\/figure>\n\n\t<\/div>\n\n<\/div>\n\n\n<div class=\"wp-bootstrap-blocks-row row py-lg-5\">\n\t\n\n<div class=\"col-12 col-md-4 col-lg-6\">\n\t\t\t\n\n<p><\/p>\n\n\n\n<figure class=\"wp-block-image size-full is-resized is-style-rounded\" style=\"margin-top:0;margin-right:var(--wp--preset--spacing--50);margin-bottom:0;margin-left:var(--wp--preset--spacing--50)\"><img loading=\"lazy\" decoding=\"async\" width=\"800\" height=\"800\" src=\"https:\/\/www.living-berlin.com\/wp-content\/uploads\/das-stue-living-berlin.png\" alt=\"das stue living berlin\" class=\"wp-image-6589\" style=\"aspect-ratio:1.2475763577608674;object-fit:contain;width:500px\" srcset=\"https:\/\/www.living-berlin.com\/wp-content\/uploads\/das-stue-living-berlin.png 800w, https:\/\/www.living-berlin.com\/wp-content\/uploads\/das-stue-living-berlin-300x300.png 300w, https:\/\/www.living-berlin.com\/wp-content\/uploads\/das-stue-living-berlin-150x150.png 150w, https:\/\/www.living-berlin.com\/wp-content\/uploads\/das-stue-living-berlin-768x768.png 768w, https:\/\/www.living-berlin.com\/wp-content\/uploads\/das-stue-living-berlin-12x12.png 12w\" sizes=\"auto, (max-width: 800px) 100vw, 800px\" \/><\/figure>\n\n\t<\/div>\n\n\n\n<div class=\"col-12 col-md-8 col-lg-6\">\n\t\t\t\n\n<h2 class=\"wp-block-heading is-style-h-3xl  nohyphens\">DAS STUE<\/h2>\n\n\n\n<p class=\"is-style-h-lg\">Ein Hotel (und mehr), wie kein anderes<\/p>\n\n\n\n<p>Nur wenige Schritte vom LIVING BERLIN entfernt liegt Das Stue \u2013 ein Hotel, das internationales Publikum, anspruchsvolle Architektur und pr\u00e4zise gestaltete Interiors auf besondere Weise zusammenbringt. In dem historischen Geb\u00e4ude am Tiergarten entfaltet sich ein Designverst\u00e4ndnis, das ruhig, hochwertig und selbstverst\u00e4ndlich wirkt. G\u00e4ste aus aller Welt erleben hier Berlin \u00fcber R\u00e4ume, Materialien und Details.<\/p>\n\n\n\n<p>Diese N\u00e4he im Denken verbindet Das Stue und LIVING BERLIN. Beide H\u00e4user stehen f\u00fcr exzellentes Interior Design, f\u00fcr kuratierte \u00c4sthetik und f\u00fcr das Zusammenspiel von Wohnen, Leben und Genie\u00dfen. \u00dcber gemeinsame Aktionen und Formate im Jahresverlauf entsteht eine Community, in der Design nicht nur gezeigt, sondern erlebt wird \u2013 mitten in Berlin.<\/p>\n\n\t<\/div>\n\n<\/div>\n\n<\/div>\n\n<\/div>\n<\/div>\n\n\n\n<p><\/p>","protected":false},"excerpt":{"rendered":"","protected":false},"author":15,"featured_media":0,"parent":0,"menu_order":0,"comment_status":"closed","ping_status":"closed","template":"","meta":{"inline_featured_image":false,"_monsterinsights_skip_tracking":false,"_monsterinsights_sitenote_active":false,"_monsterinsights_sitenote_note":"","_monsterinsights_sitenote_category":0,"footnotes":""},"class_list":["post-6382","page","type-page","status-publish","hentry"],"yoast_head":"<!-- This site is optimized with the Yoast SEO plugin v27.3 - https:\/\/yoast.com\/product\/yoast-seo-wordpress\/ -->\n<title>LIVING BERLIN Community &#8211; Spannende H\u00e4user der Stadt \u2013 vereint in Stil und Design!<\/title>\n<meta name=\"description\" content=\"LIVING BERLIN und spannende H\u00e4user der Stadt \u2013 vereint in Stil und Design!\" \/>\n<meta name=\"robots\" content=\"index, follow, max-snippet:-1, max-image-preview:large, max-video-preview:-1\" \/>\n<link rel=\"canonical\" href=\"https:\/\/www.living-berlin.com\/en\/community\/\" \/>\n<meta property=\"og:locale\" content=\"en_US\" \/>\n<meta property=\"og:type\" content=\"article\" \/>\n<meta property=\"og:title\" content=\"Jetzt bewerben: Karriere bei LIVING BERLIN\" \/>\n<meta property=\"og:description\" content=\"Entdecken Sie die Jobangebote bei LIVING BERLIN und starten Sie Ihre Karriere in einem innovativen und kreativen Umfeld. Bewerben Sie sich jetzt und werden Sie Teil unseres Teams!\" \/>\n<meta property=\"og:url\" content=\"https:\/\/www.living-berlin.com\/en\/community\/\" \/>\n<meta property=\"og:site_name\" content=\"LIVING BERLIN\" \/>\n<meta property=\"article:publisher\" content=\"https:\/\/www.facebook.com\/Living-Berlin-100916505475436\" \/>\n<meta property=\"article:modified_time\" content=\"2026-01-30T08:34:42+00:00\" \/>\n<meta property=\"og:image\" content=\"https:\/\/www.living-berlin.com\/wp-content\/uploads\/Lb-facebook-share-1.jpg\" \/>\n\t<meta property=\"og:image:width\" content=\"2400\" \/>\n\t<meta property=\"og:image:height\" content=\"1260\" \/>\n\t<meta property=\"og:image:type\" content=\"image\/jpeg\" \/>\n<meta name=\"twitter:card\" content=\"summary_large_image\" \/>\n<meta name=\"twitter:title\" content=\"Jetzt bewerben: Karriere bei LIVING BERLIN\" \/>\n<meta name=\"twitter:description\" content=\"Entdecken Sie die Jobangebote bei LIVING BERLIN und starten Sie Ihre Karriere in einem innovativen und kreativen Umfeld. Bewerben Sie sich jetzt und werden Sie Teil unseres Teams!\" \/>\n<meta name=\"twitter:image\" content=\"https:\/\/www.living-berlin.com\/wp-content\/uploads\/Lb-twitter-share-1.jpg\" \/>\n<meta name=\"twitter:label1\" content=\"Est. reading time\" \/>\n\t<meta name=\"twitter:data1\" content=\"2 minutes\" \/>\n<script type=\"application\/ld+json\" class=\"yoast-schema-graph\">{\"@context\":\"https:\\\/\\\/schema.org\",\"@graph\":[{\"@type\":\"WebPage\",\"@id\":\"https:\\\/\\\/www.living-berlin.com\\\/community\\\/\",\"url\":\"https:\\\/\\\/www.living-berlin.com\\\/community\\\/\",\"name\":\"LIVING BERLIN Community &#8211; Spannende H\u00e4user der Stadt \u2013 vereint in Stil und Design!\",\"isPartOf\":{\"@id\":\"https:\\\/\\\/www.living-berlin.com\\\/#website\"},\"primaryImageOfPage\":{\"@id\":\"https:\\\/\\\/www.living-berlin.com\\\/community\\\/#primaryimage\"},\"image\":{\"@id\":\"https:\\\/\\\/www.living-berlin.com\\\/community\\\/#primaryimage\"},\"thumbnailUrl\":\"https:\\\/\\\/www.living-berlin.com\\\/wp-content\\\/uploads\\\/deutsche-oper-berlin-living-berlin.png\",\"datePublished\":\"2026-01-07T12:59:17+00:00\",\"dateModified\":\"2026-01-30T08:34:42+00:00\",\"description\":\"LIVING BERLIN und spannende H\u00e4user der Stadt \u2013 vereint in Stil und Design!\",\"breadcrumb\":{\"@id\":\"https:\\\/\\\/www.living-berlin.com\\\/community\\\/#breadcrumb\"},\"inLanguage\":\"en-US\",\"potentialAction\":[{\"@type\":\"ReadAction\",\"target\":[\"https:\\\/\\\/www.living-berlin.com\\\/community\\\/\"]}]},{\"@type\":\"ImageObject\",\"inLanguage\":\"en-US\",\"@id\":\"https:\\\/\\\/www.living-berlin.com\\\/community\\\/#primaryimage\",\"url\":\"https:\\\/\\\/www.living-berlin.com\\\/wp-content\\\/uploads\\\/deutsche-oper-berlin-living-berlin.png\",\"contentUrl\":\"https:\\\/\\\/www.living-berlin.com\\\/wp-content\\\/uploads\\\/deutsche-oper-berlin-living-berlin.png\"},{\"@type\":\"BreadcrumbList\",\"@id\":\"https:\\\/\\\/www.living-berlin.com\\\/community\\\/#breadcrumb\",\"itemListElement\":[{\"@type\":\"ListItem\",\"position\":1,\"name\":\"Home\",\"item\":\"https:\\\/\\\/www.living-berlin.com\\\/\"},{\"@type\":\"ListItem\",\"position\":2,\"name\":\"Community\"}]},{\"@type\":\"WebSite\",\"@id\":\"https:\\\/\\\/www.living-berlin.com\\\/#website\",\"url\":\"https:\\\/\\\/www.living-berlin.com\\\/\",\"name\":\"LIVING BERLIN\",\"description\":\"HOME OF INTERIOR DREAMS\",\"publisher\":{\"@id\":\"https:\\\/\\\/www.living-berlin.com\\\/#organization\"},\"alternateName\":\"Living Berlin\",\"potentialAction\":[{\"@type\":\"SearchAction\",\"target\":{\"@type\":\"EntryPoint\",\"urlTemplate\":\"https:\\\/\\\/www.living-berlin.com\\\/?s={search_term_string}\"},\"query-input\":{\"@type\":\"PropertyValueSpecification\",\"valueRequired\":true,\"valueName\":\"search_term_string\"}}],\"inLanguage\":\"en-US\"},{\"@type\":\"Organization\",\"@id\":\"https:\\\/\\\/www.living-berlin.com\\\/#organization\",\"name\":\"LIVING BERLIN\",\"alternateName\":[\"LIVING BERLIN\",\"Living Berlin\",\"Living Berlin - Home of Interior Dreams\",\"LIVING BERLIN \u2013 25 YEARS HOME OF INTERIOR DREAMS\"],\"url\":\"https:\\\/\\\/www.living-berlin.com\\\/\",\"logo\":{\"@type\":\"ImageObject\",\"inLanguage\":\"en-US\",\"@id\":\"https:\\\/\\\/www.living-berlin.com\\\/#\\\/schema\\\/logo\\\/image\\\/\",\"url\":\"https:\\\/\\\/www.living-berlin.com\\\/wp-content\\\/uploads\\\/logo_alt.svg\",\"contentUrl\":\"https:\\\/\\\/www.living-berlin.com\\\/wp-content\\\/uploads\\\/logo_alt.svg\",\"width\":83,\"height\":84,\"caption\":\"LIVING BERLIN\"},\"image\":{\"@id\":\"https:\\\/\\\/www.living-berlin.com\\\/#\\\/schema\\\/logo\\\/image\\\/\"},\"sameAs\":[\"https:\\\/\\\/www.facebook.com\\\/Living-Berlin-100916505475436\",\"https:\\\/\\\/www.instagram.com\\\/livingberlincom\\\/\",\"https:\\\/\\\/www.pinterest.co.uk\\\/LivingBerlin\\\/\",\"https:\\\/\\\/www.linkedin.com\\\/company\\\/living-berlin\\\/\"]}]}<\/script>\n<!-- \/ Yoast SEO plugin. -->","yoast_head_json":{"title":"LIVING BERLIN Community &#8211; Spannende H\u00e4user der Stadt \u2013 vereint in Stil und Design!","description":"LIVING BERLIN und spannende H\u00e4user der Stadt \u2013 vereint in Stil und Design!","robots":{"index":"index","follow":"follow","max-snippet":"max-snippet:-1","max-image-preview":"max-image-preview:large","max-video-preview":"max-video-preview:-1"},"canonical":"https:\/\/www.living-berlin.com\/en\/community\/","og_locale":"en_US","og_type":"article","og_title":"Jetzt bewerben: Karriere bei LIVING BERLIN","og_description":"Entdecken Sie die Jobangebote bei LIVING BERLIN und starten Sie Ihre Karriere in einem innovativen und kreativen Umfeld. Bewerben Sie sich jetzt und werden Sie Teil unseres Teams!","og_url":"https:\/\/www.living-berlin.com\/en\/community\/","og_site_name":"LIVING BERLIN","article_publisher":"https:\/\/www.facebook.com\/Living-Berlin-100916505475436","article_modified_time":"2026-01-30T08:34:42+00:00","og_image":[{"width":2400,"height":1260,"url":"https:\/\/www.living-berlin.com\/wp-content\/uploads\/Lb-facebook-share-1.jpg","type":"image\/jpeg"}],"twitter_card":"summary_large_image","twitter_title":"Jetzt bewerben: Karriere bei LIVING BERLIN","twitter_description":"Entdecken Sie die Jobangebote bei LIVING BERLIN und starten Sie Ihre Karriere in einem innovativen und kreativen Umfeld. Bewerben Sie sich jetzt und werden Sie Teil unseres Teams!","twitter_image":"https:\/\/www.living-berlin.com\/wp-content\/uploads\/Lb-twitter-share-1.jpg","twitter_misc":{"Est. reading time":"2 minutes"},"schema":{"@context":"https:\/\/schema.org","@graph":[{"@type":"WebPage","@id":"https:\/\/www.living-berlin.com\/community\/","url":"https:\/\/www.living-berlin.com\/community\/","name":"LIVING BERLIN Community &#8211; Spannende H\u00e4user der Stadt \u2013 vereint in Stil und Design!","isPartOf":{"@id":"https:\/\/www.living-berlin.com\/#website"},"primaryImageOfPage":{"@id":"https:\/\/www.living-berlin.com\/community\/#primaryimage"},"image":{"@id":"https:\/\/www.living-berlin.com\/community\/#primaryimage"},"thumbnailUrl":"https:\/\/www.living-berlin.com\/wp-content\/uploads\/deutsche-oper-berlin-living-berlin.png","datePublished":"2026-01-07T12:59:17+00:00","dateModified":"2026-01-30T08:34:42+00:00","description":"LIVING BERLIN und spannende H\u00e4user der Stadt \u2013 vereint in Stil und Design!","breadcrumb":{"@id":"https:\/\/www.living-berlin.com\/community\/#breadcrumb"},"inLanguage":"en-US","potentialAction":[{"@type":"ReadAction","target":["https:\/\/www.living-berlin.com\/community\/"]}]},{"@type":"ImageObject","inLanguage":"en-US","@id":"https:\/\/www.living-berlin.com\/community\/#primaryimage","url":"https:\/\/www.living-berlin.com\/wp-content\/uploads\/deutsche-oper-berlin-living-berlin.png","contentUrl":"https:\/\/www.living-berlin.com\/wp-content\/uploads\/deutsche-oper-berlin-living-berlin.png"},{"@type":"BreadcrumbList","@id":"https:\/\/www.living-berlin.com\/community\/#breadcrumb","itemListElement":[{"@type":"ListItem","position":1,"name":"Home","item":"https:\/\/www.living-berlin.com\/"},{"@type":"ListItem","position":2,"name":"Community"}]},{"@type":"WebSite","@id":"https:\/\/www.living-berlin.com\/#website","url":"https:\/\/www.living-berlin.com\/","name":"LIVING BERLIN","description":"HOME OF INTERIOR DREAMS","publisher":{"@id":"https:\/\/www.living-berlin.com\/#organization"},"alternateName":"Living Berlin","potentialAction":[{"@type":"SearchAction","target":{"@type":"EntryPoint","urlTemplate":"https:\/\/www.living-berlin.com\/?s={search_term_string}"},"query-input":{"@type":"PropertyValueSpecification","valueRequired":true,"valueName":"search_term_string"}}],"inLanguage":"en-US"},{"@type":"Organization","@id":"https:\/\/www.living-berlin.com\/#organization","name":"LIVING BERLIN","alternateName":["LIVING BERLIN","Living Berlin","Living Berlin - Home of Interior Dreams","LIVING BERLIN \u2013 25 YEARS HOME OF INTERIOR DREAMS"],"url":"https:\/\/www.living-berlin.com\/","logo":{"@type":"ImageObject","inLanguage":"en-US","@id":"https:\/\/www.living-berlin.com\/#\/schema\/logo\/image\/","url":"https:\/\/www.living-berlin.com\/wp-content\/uploads\/logo_alt.svg","contentUrl":"https:\/\/www.living-berlin.com\/wp-content\/uploads\/logo_alt.svg","width":83,"height":84,"caption":"LIVING BERLIN"},"image":{"@id":"https:\/\/www.living-berlin.com\/#\/schema\/logo\/image\/"},"sameAs":["https:\/\/www.facebook.com\/Living-Berlin-100916505475436","https:\/\/www.instagram.com\/livingberlincom\/","https:\/\/www.pinterest.co.uk\/LivingBerlin\/","https:\/\/www.linkedin.com\/company\/living-berlin\/"]}]}},"acf":[],"_links":{"self":[{"href":"https:\/\/www.living-berlin.com\/en\/wp-json\/wp\/v2\/pages\/6382","targetHints":{"allow":["GET"]}}],"collection":[{"href":"https:\/\/www.living-berlin.com\/en\/wp-json\/wp\/v2\/pages"}],"about":[{"href":"https:\/\/www.living-berlin.com\/en\/wp-json\/wp\/v2\/types\/page"}],"author":[{"embeddable":true,"href":"https:\/\/www.living-berlin.com\/en\/wp-json\/wp\/v2\/users\/15"}],"replies":[{"embeddable":true,"href":"https:\/\/www.living-berlin.com\/en\/wp-json\/wp\/v2\/comments?post=6382"}],"version-history":[{"count":60,"href":"https:\/\/www.living-berlin.com\/en\/wp-json\/wp\/v2\/pages\/6382\/revisions"}],"predecessor-version":[{"id":6601,"href":"https:\/\/www.living-berlin.com\/en\/wp-json\/wp\/v2\/pages\/6382\/revisions\/6601"}],"wp:attachment":[{"href":"https:\/\/www.living-berlin.com\/en\/wp-json\/wp\/v2\/media?parent=6382"}],"curies":[{"name":"wp","href":"https:\/\/api.w.org\/{rel}","templated":true}]}}